{"id":20716,"date":"2024-04-11T09:19:34","date_gmt":"2024-07-12T14:47:45","guid":{"rendered":"https:\/\/www.urnesdepot.com\/boutique\/uncategorized\/wooden-funeral-urn-elegance-black\/"},"modified":"2024-07-12T10:47:45","modified_gmt":"2024-07-12T14:47:45","slug":"wooden-funeral-urn-elegance-black","status":"publish","type":"product","link":"https:\/\/urnesdepot.com\/en\/fabrique-au-quebec\/urnes-quebec\/wooden-funeral-urn-elegance-black\/","title":{"rendered":"Wooden funeral urn &#8211; \u00c9l\u00e9gance &#8211; Black"},"content":{"rendered":"<p>Customizable wooden urn made in Quebec<\/p>\n","protected":false},"excerpt":{"rendered":"<p>Customizable wooden urn made in Quebec<\/p>\n","protected":false},"featured_media":30663,"template":"","meta":[],"product_brand":[],"product_cat":[387,720,718],"product_tag":[725,719,29,723],"class_list":{"0":"post-20716","1":"product","2":"type-product","3":"status-publish","4":"has-post-thumbnail","6":"product_cat-urnes-quebec","7":"product_cat-urns","8":"product_cat-wooden-urns","9":"product_tag-cherry-wood","10":"product_tag-made-in-quebec","11":"product_tag-merisier","12":"product_tag-wooden-urn","13":"pa_couleur-noir-en","14":"pa_materiel-cherry-wood","15":"pa_materiel-merisier","16":"pa_volume-200in3-328l","17":"wcpa_has_options","19":"first","20":"instock","21":"taxable","22":"shipping-taxable","23":"purchasable","24":"product-type-mczr"},"wcpa_form_fields":{"wcpaData":{"product":{"product_price":299.990000000000009094947017729282379150390625,"price_html":"<span class=\"woocommerce-Price-amount amount\"><bdi>299.99<span class=\"woocommerce-Price-currencySymbol\">&#36;<\/span><\/bdi><\/span>","original_product_price":299.990000000000009094947017729282379150390625,"price_including_tax":299.990000000000009094947017729282379150390625,"price_excluding_tax":299.990000000000009094947017729282379150390625,"product_id":{"parent":20716,"variation":false},"is_variable":false,"stock_status":"instock","stock_quantity":9,"parent_sku":"BOI-150-NR","product_attributes":{"pa_volume":{"is_variation":false,"values":["200in3-328l"]},"pa_materiel":{"is_variation":false,"values":["cherry-wood","merisier"]},"pa_couleur":{"is_variation":false,"values":["noir-en"]}},"custom_fields":[],"is_taxable":true,"product_name":"Wooden funeral urn - \u00c9l\u00e9gance - Black","hasImage":false},"fields":{"sec_767a2441929869":{"extra":{"key":"sec_767a2441929869","section_id":"sec_767a2441929869","name":"Default","status":1,"cl_rule":"show","enableCl":false,"relations":[],"toggle":true,"title_tag":"h3","show_title":false,"showPrice":"default","form_id":28156,"form_rules":{"exclude_from_discount":false,"fee_label":"Frais","disp_hide_options_price":false,"disp_show_section_price":false,"disp_show_field_price":true,"layout_option":"standard","pric_use_as_fee":false,"process_fee_as":"woo_fee"},"layout_option":"standard"},"fields":[[{"active":true,"col":6,"relations":false,"cl_rule":"show","enableCl":false,"price":"","enablePrice":false,"className":"","label_position":"above","desc_position":"above","type":"radio-group","required":true,"elementId":"radio-group_467a2441929882","label":"D\u00e9sirez-vous ajouter une personnalisation ou une identification?","name":"radio-group_467a2441929882","values":[{"label":"Non, Je d\u00e9sire mon urne tel quel","value":"Non","selected":true,"tempId":"aco_1076","gt_translate_keys":["label"]},{"label":"Ajouter une identification ou une gravure laser \u00e0 l'urne","value":"PERSO","selected":false,"tempId":"aco_1077","gt_translate_keys":["label"]},{"label":"Personnalisation compl\u00e8te de l'urne","value":"COMPLET","selected":false,"tempId":"aco_1215","gt_translate_keys":["label"]}],"layOut":"","error":false,"checkUi":"button","hideFieldIn_cart":true,"hideFieldIn_order":true,"priceOptions":"different_for_all","pricingType":"fixed","enableDesign":true,"DescColor":"#4c607a","DescSize":"16px","LabelSize":"24px","LabelColor":"#283444","gt_translate_keys":["label"],"price_dependency":false,"cl_dependency":[false,false,"content_467a24419298ac","content_267a24419298b2"],"value":""}]]},"sec_367a2441929883":{"extra":{"key":"sec_367a2441929883","section_id":"sec_367a2441929883","name":"D\u00e9tails de l'identification","status":1,"cl_rule":"show","enableCl":true,"relations":[{"operator":false,"rules":[{"operator":"AND","rules":{"cl_field":"radio-group_467a2441929882","cl_relation":"is","cl_val":"PERSO"}}]}],"toggle":true,"title_tag":"h4","show_title":false,"showPrice":"default","form_id":28156,"form_rules":{"exclude_from_discount":false,"fee_label":"Frais","disp_hide_options_price":false,"disp_show_section_price":false,"disp_show_field_price":true,"layout_option":"standard","pric_use_as_fee":false,"process_fee_as":"woo_fee"},"layout_option":"standard"},"fields":[[{"active":true,"col":6,"relations":false,"cl_rule":"show","enableCl":false,"price":"","enablePrice":true,"className":"","label_position":"default","desc_position":"default","type":"image-group","required":true,"elementId":"image-group_267a244192988d","label":"Type de personnalisation","name":"image-group_267a244192988d","enable_popup":"no","multiple":false,"layOut":"col-3","img_selection_type":"outline","disp_type":"square","values":[{"label":"Identification - Gravure sur l'urne","value":"ID laser","selected":false,"image":"https:\/\/urnesdepot.com\/wp-content\/uploads\/2025\/02\/Gravure-urne-bois-3-4.png","thumb":"https:\/\/urnesdepot.com\/wp-content\/uploads\/2025\/02\/Gravure-urne-bois-3-4-150x150.png","tempId":"aco_2160","image_id":28452,"price":"24.99","thumb_src":"https:\/\/urnesdepot.com\/wp-content\/uploads\/2025\/02\/Gravure-urne-bois-3-4-100x100.png","gt_translate_keys":["label"]},{"label":"Identification - Plaquette Aluminium (Or ou Argent)","value":"Plaquette","selected":false,"image":"https:\/\/urnesdepot.com\/wp-content\/uploads\/2025\/02\/identification-plaquette-urne-bois-3-4.png","thumb":"https:\/\/urnesdepot.com\/wp-content\/uploads\/2025\/02\/identification-plaquette-urne-bois-3-4-150x150.png","tempId":"aco_2161","image_id":28456,"price":"18.99","thumb_src":"https:\/\/urnesdepot.com\/wp-content\/uploads\/2025\/02\/identification-plaquette-urne-bois-3-4-100x100.png","gt_translate_keys":["label"]},{"label":"Identification + Image - Gravure ","value":"Laser","selected":false,"image":"https:\/\/urnesdepot.com\/wp-content\/uploads\/2025\/02\/Gravure-laser-urne-bois.png","thumb":"https:\/\/urnesdepot.com\/wp-content\/uploads\/2025\/02\/Gravure-laser-urne-bois-150x150.png","tempId":"aco_862","image_id":28450,"price":"69.99","thumb_src":"https:\/\/urnesdepot.com\/wp-content\/uploads\/2025\/02\/Gravure-laser-urne-bois-100x100.png","gt_translate_keys":["label"]}],"disp_size_img":{"width":"100","height":"100"},"error":false,"enableDesign":true,"LabelColor":"#283444","DescColor":"#283444","LabelSize":"24px","DescSize":"16px","img_preview":true,"img_preview_disable_mobile":true,"priceOptions":"different_for_all","pricingType":"fixed","max_options":"1","maxFieldsError":"1 seul choix possible","minFieldsError":"Vous devez choisir une option au minium","requiredError":"Champs requis","gt_translate_keys":["label","requiredError","minFieldsError","maxFieldsError"],"price_dependency":false,"cl_dependency":["radio-group_367a2441929894","text_367a244192989a","text_367a244192989a","text_367a244192989a","text_067a24419298a0","text_067a24419298a0","text_067a24419298a0","text_1067a24419298a5","text_1067a24419298a5","text_1067a24419298a5","text-6384105025","text-6384105025","text-6384105025","text-6175661406"],"value":""}],[{"active":true,"col":6,"relations":[{"operator":false,"rules":[{"operator":"AND","rules":{"cl_field":"image-group_267a244192988d","cl_relation":"is","cl_val":"Plaquette"}}]}],"cl_rule":"show","enableCl":true,"price":"","enablePrice":false,"className":"","label_position":"default","desc_position":"default","type":"radio-group","required":true,"elementId":"radio-group_367a2441929894","label":"Couleur de la plaquette","name":"radio-group_367a2441929894","values":[{"label":"Or","value":"Plaquette Or","selected":false,"tempId":"aco_1545","gt_translate_keys":["label"]},{"label":"Argent","value":"Plaquette Argent","selected":false,"tempId":"aco_1546","gt_translate_keys":["label"]}],"layOut":"col-2","error":false,"checkUi":"","enableDesign":true,"LabelSize":"24px","DescSize":"16px","LabelColor":"#283444","DescColor":"#283444","gt_translate_keys":["label"],"price_dependency":false,"cl_dependency":false,"value":""}],[{"active":true,"col":6,"relations":[{"operator":false,"rules":[{"operator":"or","rules":{"cl_field":"image-group_267a244192988d","cl_relation":"is","cl_val":"ID laser"}},{"operator":"or","rules":{"cl_field":"image-group_267a244192988d","cl_relation":"is","cl_val":"Plaquette"}},{"operator":false,"rules":{"cl_field":"image-group_267a244192988d","cl_relation":"is","cl_val":"Laser"}}]}],"cl_rule":"show","enableCl":true,"price":"","enablePrice":false,"className":"","label_position":"above","desc_position":"above","type":"text","subtype":"text","required":false,"elementId":"text_367a244192989a","label":"Nom du d\u00e9funt","name":"text_367a244192989a","value":"","error":false,"enableDesign":true,"LabelColor":"#283444","DescColor":"#283444","LabelSize":"24px","DescSize":"16px","gt_translate_keys":["label","value"],"price_dependency":false,"cl_dependency":false}],[{"active":true,"col":6,"relations":[{"operator":false,"rules":[{"operator":"or","rules":{"cl_field":"image-group_267a244192988d","cl_relation":"is","cl_val":"ID laser"}},{"operator":"or","rules":{"cl_field":"image-group_267a244192988d","cl_relation":"is","cl_val":"Plaquette"}},{"operator":"AND","rules":{"cl_field":"image-group_267a244192988d","cl_relation":"is","cl_val":"Laser"}}]}],"cl_rule":"show","enableCl":true,"price":"","enablePrice":false,"className":"","label_position":"above","desc_position":"above","type":"text","subtype":"text","required":false,"elementId":"text_067a24419298a0","label":"Dates \u00e0 inscrire","name":"text_067a24419298a0","value":"","error":false,"description":"Les dates seront inscrites telles que vous les inscrivez dans ce champ.","enableDesign":true,"LabelColor":"#283444","DescColor":"#283444","LabelSize":"24px","DescSize":"16px","gt_translate_keys":["label","description","value"],"price_dependency":false,"cl_dependency":false}],[{"active":true,"col":6,"relations":[{"operator":false,"rules":[{"operator":"or","rules":{"cl_field":"image-group_267a244192988d","cl_relation":"is","cl_val":"ID laser"}},{"operator":"or","rules":{"cl_field":"image-group_267a244192988d","cl_relation":"is","cl_val":"Plaquette"}},{"operator":"AND","rules":{"cl_field":"image-group_267a244192988d","cl_relation":"is","cl_val":"Laser"}}]}],"cl_rule":"show","enableCl":true,"price":"","enablePrice":false,"className":"","label_position":"above","desc_position":"above","type":"text","subtype":"text","required":false,"elementId":"text_1067a24419298a5","label":"Courte phrase \u00e0 inscrire","name":"text_1067a24419298a5","value":"","error":false,"enableDesign":true,"LabelColor":"#283444","DescColor":"#283444","LabelSize":"24px","DescSize":"16px","description":"Peut \u00eatre combin\u00e9 avec\/ou remplacer l'identification. La courte phrase sera inscrite telle que vous l'inscrivez dans ce champ.","isWeightTemplate":false,"isTemplate":false,"min_quantity":"1","quantity_decimal":false,"quantity_step":"1","quantity_label":"Quantity","repeater_field_label":"{field_label}","repeater_bind":"","placeholder":"(aucun \u00e9moticon, texte seulement)","gt_translate_keys":["label","placeholder","description","value","repeater_field_label","quantity_label"],"price_dependency":false,"cl_dependency":false}],[{"label":"Commentaires\/Sp\u00e9cifications","active":true,"required":false,"elementId":"text-6384105025","value":"","description":"Une pr\u00e9cision \u00e0 faire sur l'ordre des gravures, la grosseur,... Merci de le mentionner ci-dessous.","name":"text-6384105025","label_position":"above","desc_position":"above","enablePrice":false,"className":"","enableCl":true,"relations":[{"operator":false,"rules":[{"operator":"or","rules":{"cl_field":"image-group_267a244192988d","cl_relation":"is","cl_val":"ID laser"}},{"operator":"or","rules":{"cl_field":"image-group_267a244192988d","cl_relation":"is","cl_val":"Plaquette"}},{"operator":"AND","rules":{"cl_field":"image-group_267a244192988d","cl_relation":"is","cl_val":"Laser"}}]}],"enableDesign":true,"LabelColor":"#283444","LabelSize":"24px","DescColor":"#283444","DescSize":"16px","subtype":"text","price":"","cl_rule":"show","col":6,"type":"text","error":false,"gt_translate_keys":["label","description","value"],"price_dependency":false,"cl_dependency":false}],[{"label":"Num\u00e9ro de la gravure","active":true,"required":false,"elementId":"text-6175661406","value":"","name":"text-6175661406","label_position":"above","desc_position":"above","enablePrice":false,"className":"btn-gra","enableCl":true,"relations":[{"operator":false,"rules":[{"operator":"AND","rules":{"cl_field":"image-group_267a244192988d","cl_relation":"is","cl_val":"Laser"}}]}],"enableDesign":true,"LabelColor":"#283444","LabelSize":"24px","DescColor":"#283444","DescSize":"16px","subtype":"text","price":"","cl_rule":"show","col":6,"type":"text","error":false,"placeholder":"","description":"<a class=\"elementor-button elementor-button-link elementor-size-sm btn-grav\" href=\"#elementor-action%3Aaction%3Dpopup%3Aopen%26settings%3DeyJpZCI6Mjc3MDksInRvZ2dsZSI6ZmFsc2V9\" target=\"_blank\"><br \/>\n\t\t\t\t\t\t<span class=\"elementor-button-content-wrapper\"><br \/>\n\t\t\t\t\t\t\t\t\t<span class=\"elementor-button-text\">Banque de gravure<\/span><br \/>\n\t\t\t\t\t<\/span><br \/>\n\t\t\t\t\t<\/a>","gt_translate_keys":["label","placeholder","description","value"],"price_dependency":false,"cl_dependency":false}]]},"sec_067a24419298a6":{"extra":{"key":"sec_067a24419298a6","section_id":"sec_067a24419298a6","name":"Personnalisation compl\u00e8te","status":1,"cl_rule":"show","enableCl":true,"relations":[{"operator":false,"rules":[{"operator":"AND","rules":{"cl_field":"radio-group_467a2441929882","cl_relation":"is","cl_val":"COMPLET"}}]}],"toggle":true,"title_tag":"h4","show_title":false,"showPrice":"show","className":"soum","form_id":28156,"form_rules":{"exclude_from_discount":false,"fee_label":"Frais","disp_hide_options_price":false,"disp_show_section_price":false,"disp_show_field_price":true,"layout_option":"standard","pric_use_as_fee":false,"process_fee_as":"woo_fee"},"layout_option":"standard"},"fields":[[{"active":true,"col":6,"relations":[{"operator":false,"rules":[{"operator":"AND","rules":{"cl_field":"radio-group_467a2441929882","cl_relation":"is","cl_val":"COMPLET"}}]}],"cl_rule":"hide","enableCl":true,"price":"","enablePrice":false,"className":"soumc","label_position":"default","desc_position":"default","type":"content","required":false,"elementId":"content_467a24419298ac","label":"Besoin d'une personnalisation plus compl\u00e8te ?","name":"content_467a24419298ac","contentType":"plain","value":"\nPour une personnalisation compl&egrave;te;\n\n<b>\n<li>Gravure personnalis&eacute;e,<\/li>\n<li>Texte,<\/li>\n<li>Photo du d&eacute;funt,<\/li>\n<li>Image personnalis&eacute;e.&nbsp;<\/li><\/b>\n\nG&eacute;n&eacute;rez un aper&ccedil;u de votre urne avec notre outil de personnalisation en ligne.\n\n<div class=\"center\"><a class=\"btn-pers\" href=\"https:\/\/www.urnesdepot.com\">Personnalisez en ligne et obtenez une soumission<\/a><\/div>\n\n<div class=\"center\">Ou<\/div>\n\n<div class=\"center\"><a class=\"btn-pers\" href=\"https:\/\/www.urnesdepot.com\/personnalisation\/\">Obtenir directement une soumission<\/a><\/div>\nUn conseiller vous contactera rapidement pour cr&eacute;er le produit qui r&eacute;pondra &agrave; vos attentes.","error":false,"scrollBar":false,"enableDesign":true,"DescColor":"#4c607a","DescSize":"20px","LabelColor":"#283444","LabelSize":"24px","subtype":"div","hideFieldIn_cart":true,"hideFieldIn_order":true,"gt_translate_keys":["label","value"],"price_dependency":false,"cl_dependency":false}],[{"contentType":"plain","active":true,"label":"Besoin d'une personnalisation plus compl\u00e8te ?","elementId":"content_267a24419298b2","value":"\nPour une personnalisation compl&egrave;te;\n\n<b>\n<li>Gravure personnalis&eacute;e,<\/li>\n<li>Texte,<\/li>\n<li>Photo du d&eacute;funt,<\/li>\n<li>Image personnalis&eacute;e.&nbsp;<\/li><\/b>\n\n<div class=\"center\"><a class=\"btn-pers\" href=\"https:\/\/www.urnesdepot.com\/personnalisation\/\">Obtenir directement une soumission<\/a><\/div>\nUn conseiller vous contactera rapidement pour cr&eacute;er le produit qui r&eacute;pondra &agrave; vos attentes.","name":"content_267a24419298b2","enablePrice":false,"className":"soumc","subtype":"div","enableCl":true,"relations":[{"operator":false,"rules":[{"operator":"AND","rules":{"cl_field":"radio-group_467a2441929882","cl_relation":"is","cl_val":"COMPLET"}}]}],"scrollBar":false,"enableDesign":true,"LabelColor":"#283444","LabelSize":"24px","DescColor":"#4c607a","DescSize":"20px","price":"","cl_rule":"show","col":6,"type":"content","error":false,"gt_translate_keys":["label","value"],"price_dependency":false,"cl_dependency":false}]]}},"config":{"price_override":"","enable_recaptcha":false,"bind_quantity":false,"quantity_bind_formula":false,"disp_summ_show_option_price":true,"disp_summ_show_product_price":true,"disp_summ_show_total_price":true,"disp_summ_show_fee":false,"disp_summ_show_discount":false,"summary_title":"","options_total_label":"Options","total_label":"Total","options_product_label":"Prix","fee_label":"Frais","discount_label":"Rabais","has_price":true,"has_quantity_formula":false},"mc_unit":1,"tax_rate":1,"tax_rate_real":0,"discount":{"percentage":0,"fixed":0},"design":{"conf":{"LabelPosition":"above","DescPosition":"above","UploadField":"custom_1","QuantityFieldStyle":"default"},"css":{"LeftLabelWidth":"120px"}},"formulas":[],"lookuptables":[],"clones":false,"cartKey":false}},"_links":{"self":[{"href":"https:\/\/urnesdepot.com\/en\/wp-json\/wp\/v2\/product\/20716","targetHints":{"allow":["GET"]}}],"collection":[{"href":"https:\/\/urnesdepot.com\/en\/wp-json\/wp\/v2\/product"}],"about":[{"href":"https:\/\/urnesdepot.com\/en\/wp-json\/wp\/v2\/types\/product"}],"version-history":[{"count":0,"href":"https:\/\/urnesdepot.com\/en\/wp-json\/wp\/v2\/product\/20716\/revisions"}],"wp:featuredmedia":[{"embeddable":true,"href":"https:\/\/urnesdepot.com\/en\/wp-json\/wp\/v2\/media\/30663"}],"wp:attachment":[{"href":"https:\/\/urnesdepot.com\/en\/wp-json\/wp\/v2\/media?parent=20716"}],"wp:term":[{"taxonomy":"product_brand","embeddable":true,"href":"https:\/\/urnesdepot.com\/en\/wp-json\/wp\/v2\/product_brand?post=20716"},{"taxonomy":"product_cat","embeddable":true,"href":"https:\/\/urnesdepot.com\/en\/wp-json\/wp\/v2\/product_cat?post=20716"},{"taxonomy":"product_tag","embeddable":true,"href":"https:\/\/urnesdepot.com\/en\/wp-json\/wp\/v2\/product_tag?post=20716"}],"curies":[{"name":"wp","href":"https:\/\/api.w.org\/{rel}","templated":true}]}}