{"id":20921,"date":"2023-07-05T15:08:07","date_gmt":"2023-07-05T19:08:07","guid":{"rendered":"https:\/\/www.urnesdepot.com\/boutique\/uncategorized\/funerary-reliquary-eternal-thought-brown\/"},"modified":"2024-07-16T10:29:25","modified_gmt":"2024-07-16T14:29:25","slug":"funerary-reliquary-eternal-thought-brown","status":"publish","type":"product","link":"https:\/\/urnesdepot.com\/en\/made-in-quebec\/reliquary\/funerary-reliquary-eternal-thought-brown\/","title":{"rendered":"Funerary Reliquary &#8211; eternal thought &#8211; Brown"},"content":{"rendered":"<p>Wooden Reliquary made in Quebec<\/p>\n","protected":false},"excerpt":{"rendered":"<p>Wooden Reliquary made in Quebec<\/p>\n","protected":false},"featured_media":30964,"template":"","meta":[],"product_brand":[],"product_cat":[738,739],"product_tag":[725,815],"class_list":{"0":"post-20921","1":"product","2":"type-product","3":"status-publish","4":"has-post-thumbnail","6":"product_cat-cherry-wood","7":"product_cat-reliquary","8":"product_tag-cherry-wood","9":"product_tag-wood","10":"product_shipping_class-urn","11":"pa_couleur-brun-en","12":"pa_materiel-cherry-wood","13":"pa_volume-4in3-007l","14":"wcpa_has_options","16":"first","17":"instock","18":"taxable","19":"shipping-taxable","20":"purchasable","21":"product-type-simple"},"wcpa_form_fields":{"wcpaData":{"product":{"product_price":64.9899999999999948840923025272786617279052734375,"price_html":"<span class=\"woocommerce-Price-amount amount\"><bdi>64.99<span class=\"woocommerce-Price-currencySymbol\">&#36;<\/span><\/bdi><\/span>","original_product_price":64.9899999999999948840923025272786617279052734375,"price_including_tax":64.9899999999999948840923025272786617279052734375,"price_excluding_tax":64.9899999999999948840923025272786617279052734375,"product_id":{"parent":20921,"variation":false},"is_variable":false,"stock_status":"instock","stock_quantity":7,"parent_sku":"REL-155-B","product_attributes":{"pa_volume":{"is_variation":false,"values":["4in3-007l"]},"pa_couleur":{"is_variation":false,"values":["brun-en"]},"pa_materiel":{"is_variation":false,"values":["cherry-wood"]}},"custom_fields":[],"is_taxable":true,"product_name":"Funerary Reliquary - eternal thought - Brown","hasImage":false},"fields":{"sec_968a4c4496646b":{"extra":{"key":"sec_968a4c4496646b","section_id":"sec_968a4c4496646b","name":"Default","status":1,"cl_rule":"show","enableCl":false,"relations":[],"toggle":true,"title_tag":"h3","show_title":false,"showPrice":"default","form_id":34602,"form_rules":{"exclude_from_discount":false,"fee_label":"Frais","disp_hide_options_price":false,"disp_show_section_price":false,"disp_show_field_price":true,"layout_option":"standard","pric_use_as_fee":false,"process_fee_as":"woo_fee"},"layout_option":"standard"},"fields":[[{"active":true,"col":6,"relations":false,"cl_rule":"show","enableCl":false,"price":"","enablePrice":false,"className":"","label_position":"above","desc_position":"above","type":"radio-group","required":true,"elementId":"radio-group_1068a4c44966486","label":"D\u00e9sirez-vous ajouter une personnalisation ou une identification?","name":"radio-group_1068a4c44966486","values":[{"label":"Non, Je d\u00e9sire mon reliquaire tel quel","value":"Non","selected":true,"tempId":"aco_1076","gt_translate_keys":["label"]},{"label":"Ajouter une identification ou une gravure laser au reliquaire","value":"PERSO","selected":false,"tempId":"aco_1077","gt_translate_keys":["label"]},{"label":"Personnalisation compl\u00e8te du reliquaire","value":"COMPLET","selected":false,"tempId":"aco_1215","gt_translate_keys":["label"]}],"layOut":"","error":false,"checkUi":"button","hideFieldIn_cart":true,"hideFieldIn_order":true,"priceOptions":"different_for_all","pricingType":"fixed","enableDesign":true,"DescColor":"#4c607a","DescSize":"16px","LabelSize":"24px","LabelColor":"#283444","isWeightTemplate":false,"isTemplate":false,"min_quantity":"1","quantity_decimal":false,"quantity_step":"1","quantity_label":"Quantity","repeater_field_label":"{field_label}","repeater_bind":"","gt_translate_keys":["label","repeater_field_label","quantity_label"],"price_dependency":false,"cl_dependency":[false,false,"content_768a4c449664c3","content_468a4c449664ca"],"value":""}]]},"sec_068a4c44966488":{"extra":{"key":"sec_068a4c44966488","section_id":"sec_068a4c44966488","name":"D\u00e9tails de l'identification","status":1,"cl_rule":"show","enableCl":true,"relations":[{"operator":false,"rules":[{"operator":"AND","rules":{"cl_field":"radio-group_1068a4c44966486","cl_relation":"is","cl_val":"PERSO"}}]}],"toggle":true,"title_tag":"h4","show_title":false,"showPrice":"default","form_id":34602,"form_rules":{"exclude_from_discount":false,"fee_label":"Frais","disp_hide_options_price":false,"disp_show_section_price":false,"disp_show_field_price":true,"layout_option":"standard","pric_use_as_fee":false,"process_fee_as":"woo_fee"},"layout_option":"standard"},"fields":[[{"active":true,"col":6,"relations":false,"cl_rule":"show","enableCl":false,"price":"","enablePrice":true,"className":"","label_position":"default","desc_position":"default","type":"image-group","required":true,"elementId":"image-group_268a4c44966493","label":"Type de personnalisation","name":"image-group_268a4c44966493","enable_popup":"no","multiple":false,"layOut":"col-3","img_selection_type":"outline","disp_type":"square","values":[{"label":"Identification - Gravure sur l'urne","value":"ID laser","selected":false,"image":"https:\/\/urnesdepot.com\/wp-content\/uploads\/2025\/02\/Gravure-urne-bois-3-4.png","thumb":"https:\/\/urnesdepot.com\/wp-content\/uploads\/2025\/02\/Gravure-urne-bois-3-4-150x150.png","tempId":"aco_2160","image_id":28452,"price":"24.99","thumb_src":"https:\/\/urnesdepot.com\/wp-content\/uploads\/2025\/02\/Gravure-urne-bois-3-4-100x100.png","gt_translate_keys":["label"]},{"label":"Identification - Plaquette Aluminium (Or ou Argent)","value":"Plaquette","selected":false,"image":"https:\/\/urnesdepot.com\/wp-content\/uploads\/2025\/02\/identification-plaquette-urne-bois-3-4.png","thumb":"https:\/\/urnesdepot.com\/wp-content\/uploads\/2025\/02\/identification-plaquette-urne-bois-3-4-150x150.png","tempId":"aco_2161","image_id":28456,"price":"18.99","thumb_src":"https:\/\/urnesdepot.com\/wp-content\/uploads\/2025\/02\/identification-plaquette-urne-bois-3-4-100x100.png","gt_translate_keys":["label"]},{"label":"Identification + Image - Gravure ","value":"Laser","selected":false,"image":"https:\/\/urnesdepot.com\/wp-content\/uploads\/2025\/02\/Gravure-laser-urne-bois.png","thumb":"https:\/\/urnesdepot.com\/wp-content\/uploads\/2025\/02\/Gravure-laser-urne-bois-150x150.png","tempId":"aco_862","image_id":28450,"price":"69.99","thumb_src":"https:\/\/urnesdepot.com\/wp-content\/uploads\/2025\/02\/Gravure-laser-urne-bois-100x100.png","gt_translate_keys":["label"]}],"disp_size_img":{"width":"100","height":"100"},"error":false,"enableDesign":true,"LabelColor":"#283444","DescColor":"#283444","LabelSize":"24px","DescSize":"16px","img_preview":true,"img_preview_disable_mobile":true,"priceOptions":"different_for_all","pricingType":"fixed","max_options":"1","maxFieldsError":"1 seul choix possible","minFieldsError":"Vous devez choisir une option au minium","requiredError":"Champs requis","gt_translate_keys":["label","requiredError","minFieldsError","maxFieldsError"],"price_dependency":false,"cl_dependency":["radio-group_568a4c4496649c","text_468a4c449664a3","text_468a4c449664a3","text_468a4c449664a3","text_468a4c449664a9","text_468a4c449664a9","text_468a4c449664a9","text_068a4c449664af","text_068a4c449664af","text_068a4c449664af","text_768a4c449664b5","text_768a4c449664b5","text_768a4c449664b5","text_968a4c449664bb"],"value":""}],[{"active":true,"col":6,"relations":[{"operator":false,"rules":[{"operator":"AND","rules":{"cl_field":"image-group_268a4c44966493","cl_relation":"is","cl_val":"Plaquette"}}]}],"cl_rule":"show","enableCl":true,"price":"","enablePrice":false,"className":"","label_position":"default","desc_position":"default","type":"radio-group","required":true,"elementId":"radio-group_568a4c4496649c","label":"Couleur de la plaquette","name":"radio-group_568a4c4496649c","values":[{"label":"Or","value":"Plaquette Or","selected":false,"tempId":"aco_1545","gt_translate_keys":["label"]},{"label":"Argent","value":"Plaquette Argent","selected":false,"tempId":"aco_1546","gt_translate_keys":["label"]}],"layOut":"col-2","error":false,"checkUi":"","enableDesign":true,"LabelSize":"24px","DescSize":"16px","LabelColor":"#283444","DescColor":"#283444","gt_translate_keys":["label"],"price_dependency":false,"cl_dependency":false,"value":""}],[{"active":true,"col":6,"relations":[{"operator":false,"rules":[{"operator":"or","rules":{"cl_field":"image-group_268a4c44966493","cl_relation":"is","cl_val":"ID laser"}},{"operator":"or","rules":{"cl_field":"image-group_268a4c44966493","cl_relation":"is","cl_val":"Plaquette"}},{"operator":false,"rules":{"cl_field":"image-group_268a4c44966493","cl_relation":"is","cl_val":"Laser"}}]}],"cl_rule":"show","enableCl":true,"price":"","enablePrice":false,"className":"","label_position":"above","desc_position":"above","type":"text","subtype":"text","required":false,"elementId":"text_468a4c449664a3","label":"Nom du d\u00e9funt","name":"text_468a4c449664a3","value":"","error":false,"enableDesign":true,"LabelColor":"#283444","DescColor":"#283444","LabelSize":"24px","DescSize":"16px","gt_translate_keys":["label","value"],"price_dependency":false,"cl_dependency":false}],[{"active":true,"col":6,"relations":[{"operator":false,"rules":[{"operator":"or","rules":{"cl_field":"image-group_268a4c44966493","cl_relation":"is","cl_val":"ID laser"}},{"operator":"or","rules":{"cl_field":"image-group_268a4c44966493","cl_relation":"is","cl_val":"Plaquette"}},{"operator":"AND","rules":{"cl_field":"image-group_268a4c44966493","cl_relation":"is","cl_val":"Laser"}}]}],"cl_rule":"show","enableCl":true,"price":"","enablePrice":false,"className":"","label_position":"above","desc_position":"above","type":"text","subtype":"text","required":false,"elementId":"text_468a4c449664a9","label":"Dates \u00e0 inscrire","name":"text_468a4c449664a9","value":"","error":false,"description":"Les dates seront inscrites telles que vous les inscrivez dans ce champ.","enableDesign":true,"LabelColor":"#283444","DescColor":"#283444","LabelSize":"24px","DescSize":"16px","gt_translate_keys":["label","description","value"],"price_dependency":false,"cl_dependency":false}],[{"active":true,"col":6,"relations":[{"operator":false,"rules":[{"operator":"or","rules":{"cl_field":"image-group_268a4c44966493","cl_relation":"is","cl_val":"ID laser"}},{"operator":"or","rules":{"cl_field":"image-group_268a4c44966493","cl_relation":"is","cl_val":"Plaquette"}},{"operator":"AND","rules":{"cl_field":"image-group_268a4c44966493","cl_relation":"is","cl_val":"Laser"}}]}],"cl_rule":"show","enableCl":true,"price":"","enablePrice":false,"className":"","label_position":"above","desc_position":"above","type":"text","subtype":"text","required":false,"elementId":"text_068a4c449664af","label":"Courte phrase \u00e0 inscrire","name":"text_068a4c449664af","value":"","error":false,"enableDesign":true,"LabelColor":"#283444","DescColor":"#283444","LabelSize":"24px","DescSize":"16px","description":"Peut \u00eatre combin\u00e9 avec\/ou remplacer l'identification. La courte phrase sera inscrite telle que vous l'inscrivez dans ce champ.","isWeightTemplate":false,"isTemplate":false,"min_quantity":"1","quantity_decimal":false,"quantity_step":"1","quantity_label":"Quantity","repeater_field_label":"{field_label}","repeater_bind":"","placeholder":"(aucun \u00e9moticon, texte seulement)","gt_translate_keys":["label","placeholder","description","value","repeater_field_label","quantity_label"],"price_dependency":false,"cl_dependency":false}],[{"label":"Commentaires\/Sp\u00e9cifications","active":true,"required":false,"elementId":"text_768a4c449664b5","value":"","description":"Une pr\u00e9cision \u00e0 faire sur l'ordre des gravures, la grosseur,... Merci de le mentionner ci-dessous.","name":"text_768a4c449664b5","label_position":"above","desc_position":"above","enablePrice":false,"className":"","enableCl":true,"relations":[{"operator":false,"rules":[{"operator":"or","rules":{"cl_field":"image-group_268a4c44966493","cl_relation":"is","cl_val":"ID laser"}},{"operator":"or","rules":{"cl_field":"image-group_268a4c44966493","cl_relation":"is","cl_val":"Plaquette"}},{"operator":"AND","rules":{"cl_field":"image-group_268a4c44966493","cl_relation":"is","cl_val":"Laser"}}]}],"enableDesign":true,"LabelColor":"#283444","LabelSize":"24px","DescColor":"#283444","DescSize":"16px","subtype":"text","price":"","cl_rule":"show","col":6,"type":"text","error":false,"isWeightTemplate":false,"isTemplate":false,"min_quantity":"1","quantity_decimal":false,"quantity_step":"1","quantity_label":"Quantity","repeater_field_label":"{field_label}","repeater_bind":"","placeholder":"","gt_translate_keys":["label","placeholder","description","value","repeater_field_label","quantity_label"],"price_dependency":false,"cl_dependency":false}],[{"label":"Num\u00e9ro de la gravure","active":true,"required":false,"elementId":"text_968a4c449664bb","value":"","name":"text_968a4c449664bb","label_position":"above","desc_position":"above","enablePrice":false,"className":"btn-gra","enableCl":true,"relations":[{"operator":false,"rules":[{"operator":"AND","rules":{"cl_field":"image-group_268a4c44966493","cl_relation":"is","cl_val":"Laser"}}]}],"enableDesign":true,"LabelColor":"#283444","LabelSize":"24px","DescColor":"#283444","DescSize":"16px","subtype":"text","price":"","cl_rule":"show","col":6,"type":"text","error":false,"placeholder":"","description":"<a class=\"elementor-button elementor-button-link elementor-size-sm btn-grav\" href=\"#elementor-action%3Aaction%3Dpopup%3Aopen%26settings%3DeyJpZCI6Mjc3MDksInRvZ2dsZSI6ZmFsc2V9\" target=\"_blank\"><br \/>\n\t\t\t\t\t\t<span class=\"elementor-button-content-wrapper\"><br \/>\n\t\t\t\t\t\t\t\t\t<span class=\"elementor-button-text\">Banque de gravure<\/span><br \/>\n\t\t\t\t\t<\/span><br \/>\n\t\t\t\t\t<\/a>","gt_translate_keys":["label","placeholder","description","value"],"price_dependency":false,"cl_dependency":false}]]},"sec_368a4c449664bc":{"extra":{"key":"sec_368a4c449664bc","section_id":"sec_368a4c449664bc","name":"Personnalisation compl\u00e8te","status":1,"cl_rule":"show","enableCl":true,"relations":[{"operator":false,"rules":[{"operator":"AND","rules":{"cl_field":"radio-group_1068a4c44966486","cl_relation":"is","cl_val":"COMPLET"}}]}],"toggle":true,"title_tag":"h4","show_title":false,"showPrice":"show","className":"soum","form_id":34602,"form_rules":{"exclude_from_discount":false,"fee_label":"Frais","disp_hide_options_price":false,"disp_show_section_price":false,"disp_show_field_price":true,"layout_option":"standard","pric_use_as_fee":false,"process_fee_as":"woo_fee"},"layout_option":"standard"},"fields":[[{"active":true,"col":6,"relations":[{"operator":false,"rules":[{"operator":"AND","rules":{"cl_field":"radio-group_1068a4c44966486","cl_relation":"is","cl_val":"COMPLET"}}]}],"cl_rule":"hide","enableCl":true,"price":"","enablePrice":false,"className":"soumc","label_position":"default","desc_position":"default","type":"content","required":false,"elementId":"content_768a4c449664c3","label":"Besoin d'une personnalisation plus compl\u00e8te ?","name":"content_768a4c449664c3","contentType":"plain","value":"\nPour une personnalisation compl&egrave;te;\n\n<b>\n<li>Gravure personnalis&eacute;e,<\/li>\n<li>Texte,<\/li>\n<li>Photo du d&eacute;funt,<\/li>\n<li>Image personnalis&eacute;e.&nbsp;<\/li><\/b>\n\nG&eacute;n&eacute;rez un aper&ccedil;u de votre urne avec notre outil de personnalisation en ligne.\n\n<div class=\"center\"><a class=\"btn-pers\" href=\"https:\/\/www.urnesdepot.com\">Personnalisez en ligne et obtenez une soumission<\/a><\/div>\n\n<div class=\"center\">Ou<\/div>\n\n<div class=\"center\"><a class=\"btn-pers\" href=\"https:\/\/www.urnesdepot.com\/personnalisation\/\">Obtenir directement une soumission<\/a><\/div>\nUn conseiller vous contactera rapidement pour cr&eacute;er le produit qui r&eacute;pondra &agrave; vos attentes.","error":false,"scrollBar":false,"enableDesign":true,"DescColor":"#4c607a","DescSize":"20px","LabelColor":"#283444","LabelSize":"24px","subtype":"div","hideFieldIn_cart":true,"hideFieldIn_order":true,"gt_translate_keys":["label","value"],"price_dependency":false,"cl_dependency":false}],[{"contentType":"plain","active":true,"label":"Besoin d'une personnalisation plus compl\u00e8te ?","elementId":"content_468a4c449664ca","value":"\nPour une personnalisation compl&egrave;te;\n\n<b>\n<li>Gravure personnalis&eacute;e,<\/li>\n<li>Texte,<\/li>\n<li>Photo du d&eacute;funt,<\/li>\n<li>Image personnalis&eacute;e.&nbsp;<\/li><\/b>\n\n<div class=\"center\"><a class=\"btn-pers\" href=\"https:\/\/www.urnesdepot.com\/personnalisation\/\">Obtenir directement une soumission<\/a><\/div>\nUn conseiller vous contactera rapidement pour cr&eacute;er le produit qui r&eacute;pondra &agrave; vos attentes.","name":"content_468a4c449664ca","enablePrice":false,"className":"soumc","subtype":"div","enableCl":true,"relations":[{"operator":false,"rules":[{"operator":"AND","rules":{"cl_field":"radio-group_1068a4c44966486","cl_relation":"is","cl_val":"COMPLET"}}]}],"scrollBar":false,"enableDesign":true,"LabelColor":"#283444","LabelSize":"24px","DescColor":"#4c607a","DescSize":"20px","price":"","cl_rule":"show","col":6,"type":"content","error":false,"gt_translate_keys":["label","value"],"price_dependency":false,"cl_dependency":false}]]}},"config":{"price_override":"","enable_recaptcha":false,"bind_quantity":false,"quantity_bind_formula":false,"disp_summ_show_option_price":true,"disp_summ_show_product_price":true,"disp_summ_show_total_price":true,"disp_summ_show_fee":false,"disp_summ_show_discount":false,"summary_title":"","options_total_label":"Options","total_label":"Total","options_product_label":"Prix","fee_label":"Frais","discount_label":"Rabais","has_price":true,"has_quantity_formula":false},"mc_unit":1,"tax_rate":1,"tax_rate_real":0,"discount":{"percentage":0,"fixed":0},"design":{"conf":{"LabelPosition":"above","DescPosition":"above","UploadField":"custom_1","QuantityFieldStyle":"default"},"css":{"LeftLabelWidth":"120px"}},"formulas":[],"lookuptables":[],"clones":false,"cartKey":false}},"_links":{"self":[{"href":"https:\/\/urnesdepot.com\/en\/wp-json\/wp\/v2\/product\/20921","targetHints":{"allow":["GET"]}}],"collection":[{"href":"https:\/\/urnesdepot.com\/en\/wp-json\/wp\/v2\/product"}],"about":[{"href":"https:\/\/urnesdepot.com\/en\/wp-json\/wp\/v2\/types\/product"}],"version-history":[{"count":0,"href":"https:\/\/urnesdepot.com\/en\/wp-json\/wp\/v2\/product\/20921\/revisions"}],"wp:featuredmedia":[{"embeddable":true,"href":"https:\/\/urnesdepot.com\/en\/wp-json\/wp\/v2\/media\/30964"}],"wp:attachment":[{"href":"https:\/\/urnesdepot.com\/en\/wp-json\/wp\/v2\/media?parent=20921"}],"wp:term":[{"taxonomy":"product_brand","embeddable":true,"href":"https:\/\/urnesdepot.com\/en\/wp-json\/wp\/v2\/product_brand?post=20921"},{"taxonomy":"product_cat","embeddable":true,"href":"https:\/\/urnesdepot.com\/en\/wp-json\/wp\/v2\/product_cat?post=20921"},{"taxonomy":"product_tag","embeddable":true,"href":"https:\/\/urnesdepot.com\/en\/wp-json\/wp\/v2\/product_tag?post=20921"}],"curies":[{"name":"wp","href":"https:\/\/api.w.org\/{rel}","templated":true}]}}