{"id":21217,"date":"2021-03-26T13:59:08","date_gmt":"2021-03-26T17:59:08","guid":{"rendered":"https:\/\/www.urnesdepot.com\/boutique\/uncategorized\/antique-flower-pendant\/"},"modified":"2024-07-22T08:38:54","modified_gmt":"2024-07-22T12:38:54","slug":"antique-flower-pendant","status":"publish","type":"product","link":"https:\/\/urnesdepot.com\/en\/jewels\/stainless-steel\/antique-flower-pendant\/","title":{"rendered":"Antique flower pendant"},"content":{"rendered":"<p>Stainless steel reliquary jewel<\/p>\n","protected":false},"excerpt":{"rendered":"<p>Reliquary jewelry, insert your own ashes into your jewelry.<\/p>\n<p>Add engraving to your jewelry.<\/p>\n","protected":false},"featured_media":32927,"template":"","meta":[],"product_brand":[],"product_cat":[688],"product_tag":[],"class_list":{"0":"post-21217","1":"product","2":"type-product","3":"status-publish","4":"has-post-thumbnail","6":"product_cat-stainless-steel","7":"pa_couleur-acier-inoxydable-en","8":"pa_materiel-stainless-steel","9":"wcpa_has_options","11":"first","12":"instock","13":"taxable","14":"shipping-taxable","15":"purchasable","16":"product-type-simple"},"wcpa_form_fields":{"wcpaData":{"product":{"product_price":69.9899999999999948840923025272786617279052734375,"price_html":"<span class=\"woocommerce-Price-amount amount\"><bdi>69.99<span class=\"woocommerce-Price-currencySymbol\">&#36;<\/span><\/bdi><\/span>","original_product_price":69.9899999999999948840923025272786617279052734375,"price_including_tax":69.9899999999999948840923025272786617279052734375,"price_excluding_tax":69.9899999999999948840923025272786617279052734375,"product_id":{"parent":21217,"variation":false},"is_variable":false,"stock_status":"instock","stock_quantity":10,"parent_sku":"STA-837-a","product_attributes":{"pa_couleur":{"is_variation":false,"values":["acier-inoxydable-en"]},"pa_materiel":{"is_variation":false,"values":["stainless-steel"]}},"custom_fields":[],"is_taxable":true,"product_name":"Antique flower pendant","hasImage":false},"fields":{"sec_06765d683c8c1e":{"extra":{"key":"sec_06765d683c8c1e","section_id":"sec_06765d683c8c1e","name":"Bijoux Inox avec gravure au dimant","status":1,"cl_rule":"show","enableCl":false,"relations":[],"toggle":true,"title_tag":"h3","show_title":false,"showPrice":"default","className":"sta","form_id":26381,"form_rules":{"exclude_from_discount":false,"fee_label":"Frais","disp_hide_options_price":false,"disp_show_section_price":false,"disp_show_field_price":true,"layout_option":"standard","pric_use_as_fee":false,"process_fee_as":"woo_fee"},"layout_option":"standard"},"fields":[[{"type":"select","required":true,"elementId":"select_36765d683c8c3a","label":"Couleur de cha\u00eene","placeholder":"Choisir","priceOptions":"different_for_all","pricingType":"fixed","className":"form-control","name":"select_36765d683c8c3a","cl_rule":"show","col":6,"values":[{"label":"Argent","value":"Cha\u00eene argent","price":"","pimage":"","pimage_id":"","pthumb":"","gt_translate_keys":["label"]},{"label":"Noir","value":"Cha\u00eene noir","price":"","pimage":"","pimage_id":"","pthumb":"","gt_translate_keys":["label"]},{"label":"Or","value":"Cha\u00eene or","price":"","pimage":"","pimage_id":"","pthumb":"","gt_translate_keys":["label"]},{"label":"Or rose","value":"Cha\u00eene or rose","price":"","pimage":"","pimage_id":"","pthumb":"","gt_translate_keys":["label"]}],"relations":false,"active":true,"tooltip":"","dropdown_type":"basic","error":false,"gt_translate_keys":["label","placeholder","tooltip"],"price_dependency":false,"cl_dependency":false,"value":""}],[{"type":"select","required":true,"elementId":"select_66765d683c8c43","label":"Type de cha\u00eene","placeholder":"Choisir","priceOptions":"different_for_all","pricingType":"fixed","className":"form-control","name":"select_66765d683c8c43","cl_rule":"show","col":6,"values":[{"label":"Anneaux","value":"Cha\u00eene \u00e0 Anneaux","price":"","pimage":"","pimage_id":"","pthumb":"","gt_translate_keys":["label"]},{"label":"Billes","value":"Cha\u00eene \u00e0 Billes","price":"","pimage":"","pimage_id":"","pthumb":"","gt_translate_keys":["label"]},{"label":"Serpent","value":"Cha\u00eene \u00e0 Serpent","price":"","pimage":"","pimage_id":"","pthumb":"","gt_translate_keys":["label"]}],"relations":false,"active":true,"tooltip":"","dropdown_type":"basic","error":false,"gt_translate_keys":["label","placeholder","tooltip"],"price_dependency":false,"cl_dependency":false,"value":""}],[{"type":"select","required":true,"elementId":"select_16765d683c8c4a","label":"Longueur de la cha\u00eene","placeholder":"Choisir","priceOptions":"different_for_all","pricingType":"fixed","className":"form-control","name":"select_16765d683c8c4a","cl_rule":"show","col":6,"values":[{"label":"16\"","value":"longeur 16\"","price":"","pimage":"","pimage_id":"","pthumb":"","gt_translate_keys":["label"]},{"label":"18\"","value":"longeur 18\"","price":"","pimage":"","pimage_id":"","pthumb":"","gt_translate_keys":["label"]},{"label":"20\"","value":"longeur 20\"","price":"","pimage":"","pimage_id":"","pthumb":"","gt_translate_keys":["label"]},{"label":"22\"","value":"longeur 22\"","price":"","pimage":"","pimage_id":"","pthumb":"","gt_translate_keys":["label"]},{"label":"24\"","value":"longeur 24\"","price":"","pimage":"","pimage_id":"","pthumb":"","gt_translate_keys":["label"]},{"label":"26\"","value":"longeur 26\"","price":"","pimage":"","pimage_id":"","pthumb":"","gt_translate_keys":["label"]},{"label":"28\"","value":"longeur 28\"","price":"","pimage":"","pimage_id":"","pthumb":"","gt_translate_keys":["label"]},{"label":"30\"","value":"longeur 30\"","price":"","pimage":"","pimage_id":"","pthumb":"","gt_translate_keys":["label"]}],"relations":false,"active":true,"tooltip":"","dropdown_type":"basic","error":false,"gt_translate_keys":["label","placeholder","tooltip"],"price_dependency":false,"cl_dependency":false,"value":""}]]}},"config":{"price_override":"","enable_recaptcha":false,"bind_quantity":false,"quantity_bind_formula":false,"disp_summ_show_option_price":true,"disp_summ_show_product_price":true,"disp_summ_show_total_price":true,"disp_summ_show_fee":false,"disp_summ_show_discount":false,"summary_title":"","options_total_label":"Options","total_label":"Total","options_product_label":"Prix","fee_label":"Frais","discount_label":"Rabais","has_price":true,"has_quantity_formula":false},"mc_unit":1,"tax_rate":1,"tax_rate_real":0,"discount":{"percentage":0,"fixed":0},"design":{"conf":{"LabelPosition":"above","DescPosition":"above","UploadField":"custom_1","QuantityFieldStyle":"default"},"css":{"LeftLabelWidth":"120px"}},"formulas":[],"lookuptables":[],"clones":false,"cartKey":false}},"_links":{"self":[{"href":"https:\/\/urnesdepot.com\/en\/wp-json\/wp\/v2\/product\/21217","targetHints":{"allow":["GET"]}}],"collection":[{"href":"https:\/\/urnesdepot.com\/en\/wp-json\/wp\/v2\/product"}],"about":[{"href":"https:\/\/urnesdepot.com\/en\/wp-json\/wp\/v2\/types\/product"}],"version-history":[{"count":0,"href":"https:\/\/urnesdepot.com\/en\/wp-json\/wp\/v2\/product\/21217\/revisions"}],"wp:featuredmedia":[{"embeddable":true,"href":"https:\/\/urnesdepot.com\/en\/wp-json\/wp\/v2\/media\/32927"}],"wp:attachment":[{"href":"https:\/\/urnesdepot.com\/en\/wp-json\/wp\/v2\/media?parent=21217"}],"wp:term":[{"taxonomy":"product_brand","embeddable":true,"href":"https:\/\/urnesdepot.com\/en\/wp-json\/wp\/v2\/product_brand?post=21217"},{"taxonomy":"product_cat","embeddable":true,"href":"https:\/\/urnesdepot.com\/en\/wp-json\/wp\/v2\/product_cat?post=21217"},{"taxonomy":"product_tag","embeddable":true,"href":"https:\/\/urnesdepot.com\/en\/wp-json\/wp\/v2\/product_tag?post=21217"}],"curies":[{"name":"wp","href":"https:\/\/api.w.org\/{rel}","templated":true}]}}